{"id":20135,"date":"2025-03-10T12:42:51","date_gmt":"2025-03-10T11:42:51","guid":{"rendered":"https:\/\/leasingteam.pl\/ancheta"},"modified":"2025-09-04T14:36:10","modified_gmt":"2025-09-04T12:36:10","slug":"ancheta","status":"publish","type":"page","link":"https:\/\/leasingteam.pl\/ro\/ancheta","title":{"rendered":"Anchet\u0103"},"content":{"rendered":"<section  class=\"b-herocontact\">\n    <div class=\"b-herocontact__wrapper\">\n        <div class=\"container\">\n            <ul class=\"c-breadcrumbs\"><li class=\"c-breadcrumbs__item\"><a href=\"https:\/\/leasingteam.pl\/ro\">Home<\/a><\/li><\/ul>\n            \n            <div class=\"b-herocontact__row  b-herocontact__row--add-margin \">\n                <div class=\"b-herocontact__content\">\n                                        \n                                            <H1 class=\"c-heading b-herocontact__heading  c-heading--alignment-left c-heading--size-h3\">Anchet\u0103<\/H1>\n\n                                        \n                    <div class=\"b-herocontact__description\">\n                                                    LeasingTeam Capital Group ofer\u0103 o serie de solu\u021bii \u00een domeniul managementului resurselor umane care cresc eficien\u021ba \u00eentreprinderilor. Completeaz\u0103 formularul \u0219i vezi ce putem face pentru compania ta! \n                                                \n                                            <\/div>\n\n\n                                    <\/div>\n                <div class=\"b-herocontact__content b-herocontact__content--newsletter\">\n                                            \n<div class=\"wpcf7 no-js\" id=\"wpcf7-f22459-o1\" lang=\"ro-RO\" dir=\"ltr\" data-wpcf7-id=\"22459\">\n<div class=\"screen-reader-response\"><p role=\"status\" aria-live=\"polite\" aria-atomic=\"true\"><\/p> <ul><\/ul><\/div>\n<form action=\"\/ro\/wp-json\/wp\/v2\/pages\/20135#wpcf7-f22459-o1\" method=\"post\" class=\"wpcf7-form init wpcf7-acceptance-as-validation\" aria-label=\"Contact form\" novalidate=\"novalidate\" data-status=\"init\">\n<fieldset class=\"hidden-fields-container\"><input type=\"hidden\" name=\"_wpcf7\" value=\"22459\" \/><input type=\"hidden\" name=\"_wpcf7_version\" value=\"6.1.1\" \/><input type=\"hidden\" name=\"_wpcf7_locale\" value=\"ro_RO\" \/><input type=\"hidden\" name=\"_wpcf7_unit_tag\" value=\"wpcf7-f22459-o1\" \/><input type=\"hidden\" name=\"_wpcf7_container_post\" value=\"0\" \/><input type=\"hidden\" name=\"_wpcf7_posted_data_hash\" value=\"\" \/><input type=\"hidden\" name=\"_wpcf7cf_hidden_group_fields\" value=\"[]\" \/><input type=\"hidden\" name=\"_wpcf7cf_hidden_groups\" value=\"[]\" \/><input type=\"hidden\" name=\"_wpcf7cf_visible_groups\" value=\"[]\" \/><input type=\"hidden\" name=\"_wpcf7cf_repeaters\" value=\"[]\" \/><input type=\"hidden\" name=\"_wpcf7cf_steps\" value=\"{}\" \/><input type=\"hidden\" name=\"_wpcf7cf_options\" value=\"{&quot;form_id&quot;:22459,&quot;conditions&quot;:[{&quot;then_field&quot;:&quot;group-1&quot;,&quot;and_rules&quot;:[{&quot;if_field&quot;:&quot;subject&quot;,&quot;operator&quot;:&quot;equals&quot;,&quot;if_value&quot;:&quot;mea Caut un loc de munc\\u0103&quot;}]},{&quot;then_field&quot;:&quot;compan-non-req&quot;,&quot;and_rules&quot;:[{&quot;if_field&quot;:&quot;subject&quot;,&quot;operator&quot;:&quot;equals&quot;,&quot;if_value&quot;:&quot;mea Caut un loc de munc\\u0103&quot;}]},{&quot;then_field&quot;:&quot;company-req&quot;,&quot;and_rules&quot;:[{&quot;if_field&quot;:&quot;subject&quot;,&quot;operator&quot;:&quot;not equals&quot;,&quot;if_value&quot;:&quot;mea Caut un loc de munc\\u0103&quot;}]}],&quot;settings&quot;:{&quot;animation&quot;:&quot;yes&quot;,&quot;animation_intime&quot;:200,&quot;animation_outtime&quot;:200,&quot;conditions_ui&quot;:&quot;normal&quot;,&quot;notice_dismissed&quot;:false}}\" \/><input type=\"hidden\" name=\"_wpcf7_recaptcha_response\" value=\"\" \/>\n<\/fieldset>\n<input class=\"wpcf7-form-control wpcf7-hidden\" value=\"\" type=\"hidden\" name=\"utm_source\" \/>\n<input class=\"wpcf7-form-control wpcf7-hidden\" value=\"\" type=\"hidden\" name=\"utm_campaign\" \/>\n\n<div class=\"c-form\">\n\n<div class=\"c-form-field\">\n        <label for=\"subject\" class=\"c-form-field__label\">Subiectul mesajului*<\/label><span class=\"wpcf7-form-control-wrap\" data-name=\"subject\"><select class=\"wpcf7-form-control wpcf7-select wpcf7-validates-as-required c-form-field__select\" id=\"subject\" aria-required=\"true\" aria-invalid=\"false\" name=\"subject\"><option value=\"\">Selecta\u021bi un subiect din list\u0103&#8230;<\/option><option value=\"Sprijin pentru afacerea\">Sprijin pentru afacerea<\/option><option value=\"mea Caut un loc de munc\u0103\">mea Caut un loc de munc\u0103<\/option><\/select><\/span>\n\n    <\/div>\n<div data-id=\"group-1\" data-orig_data_id=\"group-1\"  class=\"\" data-class=\"wpcf7cf_group\">\n  <div class=\"c-form-field\">\n    <a href=\"\/ro\/pentru-candidat\/baza-de-date-a-candidatilor\" class=\"c-button\" style=\"margin-top: 20px;\">Las\u0103-\u021bi CV-ul<\/a>\n   <\/div>\n<\/div>\n\n    <div class=\"c-form__row\">\n        <div class=\"c-form-field\">\n            <label for=\"name\" class=\"c-form-field__label\">Nume*<\/label><span class=\"wpcf7-form-control-wrap\" data-name=\"your-name\"><input size=\"40\" maxlength=\"400\" minlength=\"3\" class=\"wpcf7-form-control wpcf7-text wpcf7-validates-as-required c-form-field__input\" id=\"name\" aria-required=\"true\" aria-invalid=\"false\" value=\"\" type=\"text\" name=\"your-name\" \/><\/span>\n        <\/div>\n        <div class=\"c-form-field\">\n            <label for=\"lastname\" class=\"c-form-field__label\">Nume de familie*<\/label><span class=\"wpcf7-form-control-wrap\" data-name=\"lastname\"><input size=\"40\" maxlength=\"400\" minlength=\"3\" class=\"wpcf7-form-control wpcf7-text wpcf7-validates-as-required c-form-field__input\" id=\"lastname\" aria-required=\"true\" aria-invalid=\"false\" value=\"\" type=\"text\" name=\"lastname\" \/><\/span>\n        <\/div>\n    <\/div>\n    <div class=\"c-form__row\">\n        <div class=\"c-form-field\">\n            <label for=\"email\" class=\"c-form-field__label\">Adresa de e-mail*<\/label><span class=\"wpcf7-form-control-wrap\" data-name=\"email\"><input size=\"40\" maxlength=\"400\" class=\"wpcf7-form-control wpcf7-email wpcf7-validates-as-required wpcf7-text wpcf7-validates-as-email c-form-field__input\" id=\"email\" aria-required=\"true\" aria-invalid=\"false\" value=\"\" type=\"email\" name=\"email\" \/><\/span>\n        <\/div>\n        <div class=\"c-form-field\">\n            <label for=\"phone\" class=\"c-form-field__label\">Num\u0103r telefonic*<\/label><span class=\"wpcf7-form-control-wrap\" data-name=\"phone\"><input size=\"40\" maxlength=\"15\" minlength=\"9\" class=\"wpcf7-form-control wpcf7-tel wpcf7-validates-as-required wpcf7-text wpcf7-validates-as-tel c-form-field__input\" id=\"phone\" aria-required=\"true\" aria-invalid=\"false\" value=\"\" type=\"tel\" name=\"phone\" \/><\/span>\n        \n<\/div>\n    <\/div>\n\n<div data-id=\"group-1\" data-orig_data_id=\"group-1\"  class=\"\" data-class=\"wpcf7cf_group\">\n        <div class=\"c-form-field\">\n            <label for=\"name\" class=\"c-form-field__label\">Voievodat*<\/label><span class=\"wpcf7-form-control-wrap\" data-name=\"wojewodztwo\"><select class=\"wpcf7-form-control wpcf7-select c-form-field__select\" aria-invalid=\"false\" name=\"wojewodztwo\"><option value=\"\">Selecta\u021bi o provincie din list\u0103&#8230;<\/option><option value=\"Voievodatul din Silezia Inferioar\u0103\">Voievodatul din Silezia Inferioar\u0103<\/option><option value=\"Voievodatul Cuyavia-Pomerania\">Voievodatul Cuyavia-Pomerania<\/option><option value=\"Lublin\">Lublin<\/option><option value=\"Voievodatul Lubuskie\">Voievodatul Lubuskie<\/option><option value=\"Voievodatul Lodz\">Voievodatul Lodz<\/option><option value=\"Voievodatul Poloniei Mici\">Voievodatul Poloniei Mici<\/option><option value=\"Voievodatul Masovia\">Voievodatul Masovia<\/option><option value=\"Opole\">Opole<\/option><option value=\"Voievodatul Subcarpatic\">Voievodatul Subcarpatic<\/option><option value=\"Voievodatul Podlaskie\">Voievodatul Podlaskie<\/option><option value=\"Voievodatul Pomerania\">Voievodatul Pomerania<\/option><option value=\"Silezia\">Silezia<\/option><option value=\"Voievodatul \u015awi\u0119tokrzyskie\">Voievodatul \u015awi\u0119tokrzyskie<\/option><option value=\"Voievodatul Varmia-Masuria\">Voievodatul Varmia-Masuria<\/option><option value=\"Polonia Mare\">Polonia Mare<\/option><option value=\"Voievodatul Pomerania de Vest\">Voievodatul Pomerania de Vest<\/option><\/select><\/span>\n        <\/div>\n<\/div>\n\n    <div class=\"c-form-field\">\n         <div data-id=\"company-req\" data-orig_data_id=\"company-req\"  class=\"\" data-class=\"wpcf7cf_group\">\n            <label for=\"company\" class=\"c-form-field__label\">Numele companiei*<\/label><span class=\"wpcf7-form-control-wrap\" data-name=\"company\"><input size=\"40\" maxlength=\"400\" class=\"wpcf7-form-control wpcf7-text wpcf7-validates-as-required c-form-field__input\" id=\"company\" aria-required=\"true\" aria-invalid=\"false\" value=\"\" type=\"text\" name=\"company\" \/><\/span>\n        <\/div>\n       <div data-id=\"compan-non-req\" data-orig_data_id=\"compan-non-req\"  class=\"\" data-class=\"wpcf7cf_group\">\n            <label for=\"company\" class=\"c-form-field__label\">Numele companiei<\/label><span class=\"wpcf7-form-control-wrap\" data-name=\"company2\"><input size=\"40\" maxlength=\"400\" class=\"wpcf7-form-control wpcf7-text c-form-field__input\" aria-invalid=\"false\" value=\"\" type=\"text\" name=\"company2\" \/><\/span>\n        <\/div>\n    <\/div>\n    <div class=\"c-form-field\">\n        <label for=\"message\" class=\"c-form-field__label\">Mesaj*<\/label><span class=\"wpcf7-form-control-wrap\" data-name=\"message\"><textarea cols=\"40\" rows=\"10\" maxlength=\"2000\" class=\"wpcf7-form-control wpcf7-textarea wpcf7-validates-as-required c-form-field__textarea\" id=\"message\" aria-required=\"true\" aria-invalid=\"false\" name=\"message\"><\/textarea><\/span>\n    <\/div>\n <div class=\"c-form-field c-form-field__acceptance\">\n<span class=\"wpcf7-form-control-wrap\" data-name=\"acceptance-931\"><span class=\"wpcf7-form-control wpcf7-acceptance\"><span class=\"wpcf7-list-item\"><label><input type=\"checkbox\" name=\"acceptance-931\" value=\"1\" class=\"c-form__acceptance\" aria-invalid=\"false\" \/><span class=\"wpcf7-list-item-label\">Sunt de acord s\u0103 primesc informa\u021bii comerciale \u0219i de marketing de la companiile Grupului LeasingTeam cu privire la produse, servicii, promo\u021bii \u0219i evenimente legate de aceste companii, pe baza datelor furnizate de mine.<\/span><\/label><\/span><\/span><\/span>\n<span class=\"c-checkbox\"><\/span>\n<\/div>\n\n<button type=\"submit\" class=\"wpcf7-form-control wpcf7-submit has-spinner c-button c-button__magenta c-button--has-icon c-button--btn\" >Trimite un mesaj<span class=\"c-button__icon\"><svg width=\"18\" height=\"18\" viewBox=\"0 0 18 18\" fill=\"none\" xmlns=\"http:\/\/www.w3.org\/2000\/svg\">\n<path d=\"M9.65401 8.99416L6.61719 5.95733L7.48468 5.08984L11.389 8.99416L7.48468 12.8985L6.61719 12.031L9.65401 8.99416Z\" fill=\"#070B47\"\/>\n<\/svg><\/span><\/button>\n\n <div class=\"c-form-field c-form-field--mb-12 mt-3\">\n<div class=\"c-text c-text--size-10 c-text--color-blue-05\">Datele dumneavoastr\u0103 cu caracter personal incluse \u00een formular vor fi prelucrate numai \u00een scopuri de contact, ofert\u0103 sau marketing, analitice sau statistice de c\u0103tre companiile din Grupul LeasingTeam \u00een calitate de operatori asocia\u021bi. Mai multe informa\u021bii despre operatorii asocia\u021bi, prelucrarea datelor cu caracter personal \u0219i drepturile conexe sunt disponibile \u00een <a href=\"https:\/\/leasingteam.pl\/ro\/intimitate\" target=\"_blank\" style=\"color:#af005d;\">Politica de confiden\u021bialitate.<\/a> <\/div>\n  <\/div>\n\n<\/div><div class=\"wpcf7-response-output\" aria-hidden=\"true\"><\/div>\n<\/form>\n<\/div>\n                                        <div class=\"c-form-popup\">\n    <div class=\"c-form-popup__content\">\n        <button type=\"button\" class=\"c-form-popup__close-btn\">\n            <svg width=\"40\" height=\"40\" viewBox=\"0 0 40 40\" fill=\"none\" xmlns=\"http:\/\/www.w3.org\/2000\/svg\">\n    <path d=\"M13.3359 13.332L26.6693 26.6654M26.6693 13.332L13.3359 26.6654\" stroke=\"#070B47\" stroke-width=\"2.25\" stroke-linecap=\"round\" stroke-linejoin=\"round\"\/>\n    <\/svg>\n            <\/button>\n        <span class=\"c-form-popup__icon\">\n            <svg width=\"40\" height=\"40\" viewBox=\"0 0 40 40\" fill=\"none\" xmlns=\"http:\/\/www.w3.org\/2000\/svg\">\n    <path\n        d=\"M11.6667 15.836L18.6628 18.8874C19.0832 19.0707 19.5369 19.1653 19.9954 19.1653C20.454 19.1653 20.9077 19.0707 21.328 18.8874L28.3333 15.832M5 21.6654V14.9987C5 13.2306 5.70238 11.5349 6.95262 10.2847C8.20286 9.03441 9.89856 8.33203 11.6667 8.33203H28.3333C30.1014 8.33203 31.7971 9.03441 33.0474 10.2847C34.2976 11.5349 35 13.2306 35 14.9987V26.6654C35 28.4335 34.2976 30.1292 33.0474 31.3794C31.7971 32.6297 30.1014 33.332 28.3333 33.332H20M5 28.332H13.3333M8.33333 33.332H13.3333\"\n        stroke=\"#AF005D\" stroke-width=\"2.25\" stroke-linecap=\"round\" stroke-linejoin=\"round\" \/>\n<\/svg>        <\/span>\n\n                <h3 class=\"c-heading c-heading--size-h5\">\n            V\u0103 mul\u021bumim pentru mesaj!\n        <\/h3>\n                <div class=\"c-form-popup__text\">\n            Solicitarea dumneavoastr\u0103 a ajuns la echipa noastr\u0103. Vom reveni \u00een cur\u00e2nd pentru a v\u0103 r\u0103spunde la \u00eentreb\u0103ri \u0219i pentru a discuta cele mai bune solu\u021bii pentru afacerea dvs. \n            <span class=\"c-form-popup__text--email\"><\/span>\n            \n        <\/div>\n      \n        \n         \n        <a href=\"\" target=\"\" class=\"c-button c-button__magenta c-form-popup__close-link c-button--has-icon\" aria-label=\"\u00cen\u0163eleg\"\n        >\n    <span class=\"c-button__text\">\u00cen\u0163eleg<\/span>\n            <div class=\"c-button__icon\">\n                        <svg width=\"18\" height=\"18\" viewBox=\"0 0 18 18\" fill=\"none\" xmlns=\"http:\/\/www.w3.org\/2000\/svg\">\n<path d=\"M9.65401 8.99416L6.61719 5.95733L7.48468 5.08984L11.389 8.99416L7.48468 12.8985L6.61719 12.031L9.65401 8.99416Z\" fill=\"#070B47\"\/>\n<\/svg>\n        <\/div>\n    <\/a>\n            <\/div>\n<\/div>                <\/div>\n                \n            <\/div>\n        <\/div>\n        <div class=\"b-herocontact__image\">\n            \n        <\/div>\n    <\/div>\n<\/section>","protected":false},"excerpt":{"rendered":"","protected":false},"author":1,"featured_media":0,"parent":0,"menu_order":0,"comment_status":"closed","ping_status":"closed","template":"","meta":{"_acf_changed":false,"footnotes":""},"class_list":["post-20135","page","type-page","status-publish","hentry"],"acf":[],"yoast_head":"<!-- This site is optimized with the Yoast SEO plugin v25.9 - https:\/\/yoast.com\/wordpress\/plugins\/seo\/ -->\n<title>Solicita\u021bi o ofert\u0103 | Echipa de leasing<\/title>\n<meta name=\"description\" content=\"Completeaz\u0103 formularul \u0219i vezi ce poate face LeasingTeam, o agen\u021bie de consultan\u021b\u0103 de personal, pentru compania ta. Cre\u0219tem eficient eficien\u021ba \u00eentreprinderilor.\" \/>\n<meta name=\"robots\" content=\"index, follow, max-snippet:-1, max-image-preview:large, max-video-preview:-1\" \/>\n<link rel=\"canonical\" href=\"https:\/\/leasingteam.pl\/ro\/ancheta\" \/>\n<meta property=\"og:locale\" content=\"ro_RO\" \/>\n<meta property=\"og:type\" content=\"article\" \/>\n<meta property=\"og:title\" content=\"Solicita\u021bi o ofert\u0103 | Echipa de leasing\" \/>\n<meta property=\"og:description\" content=\"Completeaz\u0103 formularul \u0219i vezi ce poate face LeasingTeam, o agen\u021bie de consultan\u021b\u0103 de personal, pentru compania ta. Cre\u0219tem eficient eficien\u021ba \u00eentreprinderilor.\" \/>\n<meta property=\"og:url\" content=\"https:\/\/leasingteam.pl\/ro\/ancheta\" \/>\n<meta property=\"og:site_name\" content=\"LeasingTeam\" \/>\n<meta property=\"article:modified_time\" content=\"2025-09-04T12:36:10+00:00\" \/>\n<meta name=\"twitter:card\" content=\"summary_large_image\" \/>\n<script type=\"application\/ld+json\" class=\"yoast-schema-graph\">{\"@context\":\"https:\/\/schema.org\",\"@graph\":[{\"@type\":\"WebPage\",\"@id\":\"https:\/\/leasingteam.pl\/ro\/ancheta\",\"url\":\"https:\/\/leasingteam.pl\/ro\/ancheta\",\"name\":\"Solicita\u021bi o ofert\u0103 | Echipa de leasing\",\"isPartOf\":{\"@id\":\"https:\/\/leasingteam.pl\/ro#website\"},\"datePublished\":\"2025-03-10T11:42:51+00:00\",\"dateModified\":\"2025-09-04T12:36:10+00:00\",\"description\":\"Completeaz\u0103 formularul \u0219i vezi ce poate face LeasingTeam, o agen\u021bie de consultan\u021b\u0103 de personal, pentru compania ta. Cre\u0219tem eficient eficien\u021ba \u00eentreprinderilor.\",\"breadcrumb\":{\"@id\":\"https:\/\/leasingteam.pl\/ro\/ancheta#breadcrumb\"},\"inLanguage\":\"ro-RO\",\"potentialAction\":[{\"@type\":\"ReadAction\",\"target\":[\"https:\/\/leasingteam.pl\/ro\/ancheta\"]}]},{\"@type\":\"BreadcrumbList\",\"@id\":\"https:\/\/leasingteam.pl\/ro\/ancheta#breadcrumb\",\"itemListElement\":[{\"@type\":\"ListItem\",\"position\":1,\"name\":\"Home\",\"item\":\"https:\/\/leasingteam.pl\/ro\"},{\"@type\":\"ListItem\",\"position\":2,\"name\":\"Anchet\u0103\"}]},{\"@type\":\"WebSite\",\"@id\":\"https:\/\/leasingteam.pl\/ro#website\",\"url\":\"https:\/\/leasingteam.pl\/ro\",\"name\":\"LeasingTeam\",\"description\":\"\",\"publisher\":{\"@id\":\"https:\/\/leasingteam.pl\/ro#organization\"},\"potentialAction\":[{\"@type\":\"SearchAction\",\"target\":{\"@type\":\"EntryPoint\",\"urlTemplate\":\"https:\/\/leasingteam.pl\/ro?s={search_term_string}\"},\"query-input\":{\"@type\":\"PropertyValueSpecification\",\"valueRequired\":true,\"valueName\":\"search_term_string\"}}],\"inLanguage\":\"ro-RO\"},{\"@type\":\"Organization\",\"@id\":\"https:\/\/leasingteam.pl\/ro#organization\",\"name\":\"LeasingTeam\",\"url\":\"https:\/\/leasingteam.pl\/ro\",\"logo\":{\"@type\":\"ImageObject\",\"inLanguage\":\"ro-RO\",\"@id\":\"https:\/\/leasingteam.pl\/ro#\/schema\/logo\/image\/\",\"url\":\"https:\/\/leasingteam.pl\/content\/uploads\/2025\/02\/Logotyp-LT-1.svg\",\"contentUrl\":\"https:\/\/leasingteam.pl\/content\/uploads\/2025\/02\/Logotyp-LT-1.svg\",\"width\":1,\"height\":1,\"caption\":\"LeasingTeam\"},\"image\":{\"@id\":\"https:\/\/leasingteam.pl\/ro#\/schema\/logo\/image\/\"}}]}<\/script>\n<!-- \/ Yoast SEO plugin. -->","yoast_head_json":{"title":"Solicita\u021bi o ofert\u0103 | Echipa de leasing","description":"Completeaz\u0103 formularul \u0219i vezi ce poate face LeasingTeam, o agen\u021bie de consultan\u021b\u0103 de personal, pentru compania ta. Cre\u0219tem eficient eficien\u021ba \u00eentreprinderilor.","robots":{"index":"index","follow":"follow","max-snippet":"max-snippet:-1","max-image-preview":"max-image-preview:large","max-video-preview":"max-video-preview:-1"},"canonical":"https:\/\/leasingteam.pl\/ro\/ancheta","og_locale":"ro_RO","og_type":"article","og_title":"Solicita\u021bi o ofert\u0103 | Echipa de leasing","og_description":"Completeaz\u0103 formularul \u0219i vezi ce poate face LeasingTeam, o agen\u021bie de consultan\u021b\u0103 de personal, pentru compania ta. Cre\u0219tem eficient eficien\u021ba \u00eentreprinderilor.","og_url":"https:\/\/leasingteam.pl\/ro\/ancheta","og_site_name":"LeasingTeam","article_modified_time":"2025-09-04T12:36:10+00:00","twitter_card":"summary_large_image","schema":{"@context":"https:\/\/schema.org","@graph":[{"@type":"WebPage","@id":"https:\/\/leasingteam.pl\/ro\/ancheta","url":"https:\/\/leasingteam.pl\/ro\/ancheta","name":"Solicita\u021bi o ofert\u0103 | Echipa de leasing","isPartOf":{"@id":"https:\/\/leasingteam.pl\/ro#website"},"datePublished":"2025-03-10T11:42:51+00:00","dateModified":"2025-09-04T12:36:10+00:00","description":"Completeaz\u0103 formularul \u0219i vezi ce poate face LeasingTeam, o agen\u021bie de consultan\u021b\u0103 de personal, pentru compania ta. Cre\u0219tem eficient eficien\u021ba \u00eentreprinderilor.","breadcrumb":{"@id":"https:\/\/leasingteam.pl\/ro\/ancheta#breadcrumb"},"inLanguage":"ro-RO","potentialAction":[{"@type":"ReadAction","target":["https:\/\/leasingteam.pl\/ro\/ancheta"]}]},{"@type":"BreadcrumbList","@id":"https:\/\/leasingteam.pl\/ro\/ancheta#breadcrumb","itemListElement":[{"@type":"ListItem","position":1,"name":"Home","item":"https:\/\/leasingteam.pl\/ro"},{"@type":"ListItem","position":2,"name":"Anchet\u0103"}]},{"@type":"WebSite","@id":"https:\/\/leasingteam.pl\/ro#website","url":"https:\/\/leasingteam.pl\/ro","name":"LeasingTeam","description":"","publisher":{"@id":"https:\/\/leasingteam.pl\/ro#organization"},"potentialAction":[{"@type":"SearchAction","target":{"@type":"EntryPoint","urlTemplate":"https:\/\/leasingteam.pl\/ro?s={search_term_string}"},"query-input":{"@type":"PropertyValueSpecification","valueRequired":true,"valueName":"search_term_string"}}],"inLanguage":"ro-RO"},{"@type":"Organization","@id":"https:\/\/leasingteam.pl\/ro#organization","name":"LeasingTeam","url":"https:\/\/leasingteam.pl\/ro","logo":{"@type":"ImageObject","inLanguage":"ro-RO","@id":"https:\/\/leasingteam.pl\/ro#\/schema\/logo\/image\/","url":"https:\/\/leasingteam.pl\/content\/uploads\/2025\/02\/Logotyp-LT-1.svg","contentUrl":"https:\/\/leasingteam.pl\/content\/uploads\/2025\/02\/Logotyp-LT-1.svg","width":1,"height":1,"caption":"LeasingTeam"},"image":{"@id":"https:\/\/leasingteam.pl\/ro#\/schema\/logo\/image\/"}}]}},"_links":{"self":[{"href":"https:\/\/leasingteam.pl\/ro\/wp-json\/wp\/v2\/pages\/20135","targetHints":{"allow":["GET"]}}],"collection":[{"href":"https:\/\/leasingteam.pl\/ro\/wp-json\/wp\/v2\/pages"}],"about":[{"href":"https:\/\/leasingteam.pl\/ro\/wp-json\/wp\/v2\/types\/page"}],"author":[{"embeddable":true,"href":"https:\/\/leasingteam.pl\/ro\/wp-json\/wp\/v2\/users\/1"}],"replies":[{"embeddable":true,"href":"https:\/\/leasingteam.pl\/ro\/wp-json\/wp\/v2\/comments?post=20135"}],"version-history":[{"count":1,"href":"https:\/\/leasingteam.pl\/ro\/wp-json\/wp\/v2\/pages\/20135\/revisions"}],"predecessor-version":[{"id":20137,"href":"https:\/\/leasingteam.pl\/ro\/wp-json\/wp\/v2\/pages\/20135\/revisions\/20137"}],"wp:attachment":[{"href":"https:\/\/leasingteam.pl\/ro\/wp-json\/wp\/v2\/media?parent=20135"}],"curies":[{"name":"wp","href":"https:\/\/api.w.org\/{rel}","templated":true}]}}