{"id":17029,"date":"2025-03-10T12:42:51","date_gmt":"2025-03-10T11:42:51","guid":{"rendered":"https:\/\/leasingteam.pl\/anfrage"},"modified":"2025-08-04T10:05:47","modified_gmt":"2025-08-04T08:05:47","slug":"anfrage","status":"publish","type":"page","link":"https:\/\/leasingteam.pl\/de\/anfrage","title":{"rendered":"Anfrage"},"content":{"rendered":"<section  class=\"b-herocontact\">\n    <div class=\"b-herocontact__wrapper\">\n        <div class=\"container\">\n            <ul class=\"c-breadcrumbs\"><li class=\"c-breadcrumbs__item\"><a href=\"https:\/\/leasingteam.pl\/de\">Home<\/a><\/li><\/ul>\n            \n            <div class=\"b-herocontact__row  b-herocontact__row--add-margin \">\n                <div class=\"b-herocontact__content\">\n                                        \n                                            <h1 class=\"c-heading b-herocontact__heading  c-heading--alignment-left c-heading--size-h3\"><span class='c-heading--color'>Anfrage<\/span><\/h1>\n\n                                        \n                    <div class=\"b-herocontact__description\">\n                                                    Die LeasingTeam Capital Group bietet eine Reihe von L\u00f6sungen im Bereich des Personalmanagements an, die die Effizienz von Unternehmen steigern. F\u00fcllen Sie das Formular aus und sehen Sie, was wir f\u00fcr Ihr Unternehmen tun k\u00f6nnen! \n                                                \n                                            <\/div>\n\n\n                                    <\/div>\n                <div class=\"b-herocontact__content b-herocontact__content--newsletter\">\n                                            \n<div class=\"wpcf7 no-js\" id=\"wpcf7-f17543-o1\" lang=\"de-DE\" dir=\"ltr\" data-wpcf7-id=\"17543\">\n<div class=\"screen-reader-response\"><p role=\"status\" aria-live=\"polite\" aria-atomic=\"true\"><\/p> <ul><\/ul><\/div>\n<form action=\"\/de\/wp-json\/wp\/v2\/pages\/17029#wpcf7-f17543-o1\" method=\"post\" class=\"wpcf7-form init wpcf7-acceptance-as-validation\" aria-label=\"Contact form\" novalidate=\"novalidate\" data-status=\"init\">\n<fieldset class=\"hidden-fields-container\"><input type=\"hidden\" name=\"_wpcf7\" value=\"17543\" \/><input type=\"hidden\" name=\"_wpcf7_version\" value=\"6.1.1\" \/><input type=\"hidden\" name=\"_wpcf7_locale\" value=\"de_DE\" \/><input type=\"hidden\" name=\"_wpcf7_unit_tag\" value=\"wpcf7-f17543-o1\" \/><input type=\"hidden\" name=\"_wpcf7_container_post\" value=\"0\" \/><input type=\"hidden\" name=\"_wpcf7_posted_data_hash\" value=\"\" \/><input type=\"hidden\" name=\"_wpcf7cf_hidden_group_fields\" value=\"[]\" \/><input type=\"hidden\" name=\"_wpcf7cf_hidden_groups\" value=\"[]\" \/><input type=\"hidden\" name=\"_wpcf7cf_visible_groups\" value=\"[]\" \/><input type=\"hidden\" name=\"_wpcf7cf_repeaters\" value=\"[]\" \/><input type=\"hidden\" name=\"_wpcf7cf_steps\" value=\"{}\" \/><input type=\"hidden\" name=\"_wpcf7cf_options\" value=\"{&quot;form_id&quot;:17543,&quot;conditions&quot;:[{&quot;then_field&quot;:&quot;group-1&quot;,&quot;and_rules&quot;:[{&quot;if_field&quot;:&quot;subject&quot;,&quot;operator&quot;:&quot;equals&quot;,&quot;if_value&quot;:&quot;Auf der Suche nach einem Job&quot;}]},{&quot;then_field&quot;:&quot;compan-non-req&quot;,&quot;and_rules&quot;:[{&quot;if_field&quot;:&quot;subject&quot;,&quot;operator&quot;:&quot;equals&quot;,&quot;if_value&quot;:&quot;Auf der Suche nach einem Job&quot;}]},{&quot;then_field&quot;:&quot;company-req&quot;,&quot;and_rules&quot;:[{&quot;if_field&quot;:&quot;subject&quot;,&quot;operator&quot;:&quot;not equals&quot;,&quot;if_value&quot;:&quot;Auf der Suche nach einem Job&quot;}]}],&quot;settings&quot;:{&quot;animation&quot;:&quot;yes&quot;,&quot;animation_intime&quot;:200,&quot;animation_outtime&quot;:200,&quot;conditions_ui&quot;:&quot;normal&quot;,&quot;notice_dismissed&quot;:false}}\" \/><input type=\"hidden\" name=\"_wpcf7_recaptcha_response\" value=\"\" \/>\n<\/fieldset>\n<input class=\"wpcf7-form-control wpcf7-hidden\" value=\"\" type=\"hidden\" name=\"utm_source\" \/>\n<input class=\"wpcf7-form-control wpcf7-hidden\" value=\"\" type=\"hidden\" name=\"utm_campaign\" \/>\n\n<div class=\"c-form\">\n\n    <div class=\"c-form-field\">\n        <label for=\"subject\" class=\"c-form-field__label\">Betreff der Nachricht*<\/label><span class=\"wpcf7-form-control-wrap\" data-name=\"subject\"><select class=\"wpcf7-form-control wpcf7-select wpcf7-validates-as-required c-form-field__select\" id=\"subject\" aria-required=\"true\" aria-invalid=\"false\" name=\"subject\"><option value=\"\">W\u00e4hlen Sie ein Thema aus der Liste aus&#8230;<\/option><option value=\"Unterst\u00fctzung f\u00fcr mein Unternehmen\">Unterst\u00fctzung f\u00fcr mein Unternehmen<\/option><option value=\"Auf der Suche nach einem Job\">Auf der Suche nach einem Job<\/option><\/select><\/span>\n    <\/div>\n    <div data-id=\"group-1\" data-orig_data_id=\"group-1\"  class=\"\" data-class=\"wpcf7cf_group\">\n    <div class=\"c-form-field\">\n        <a href=\"\/de\/fuer-den-kandidaten\/kandidaten-datenbank\" class=\"c-button\" style=\"margin-top: 20px;\">Hinterlassen Sie Ihren\n            Lebenslauf<\/a>\n    <\/div>\n    <\/div>\n    <div class=\"c-form__row\">\n        <div class=\"c-form-field\">\n            <label for=\"name\" class=\"c-form-field__label\">Name*<\/label><span class=\"wpcf7-form-control-wrap\" data-name=\"your-name\"><input size=\"40\" maxlength=\"400\" minlength=\"3\" class=\"wpcf7-form-control wpcf7-text wpcf7-validates-as-required c-form-field__input\" id=\"name\" aria-required=\"true\" aria-invalid=\"false\" value=\"\" type=\"text\" name=\"your-name\" \/><\/span>\n        <\/div>\n        <div class=\"c-form-field\">\n            <label for=\"lastname\" class=\"c-form-field__label\">Familienname*<\/label><span class=\"wpcf7-form-control-wrap\" data-name=\"lastname\"><input size=\"40\" maxlength=\"400\" minlength=\"3\" class=\"wpcf7-form-control wpcf7-text wpcf7-validates-as-required c-form-field__input\" id=\"lastname\" aria-required=\"true\" aria-invalid=\"false\" value=\"\" type=\"text\" name=\"lastname\" \/><\/span>\n        <\/div>\n    <\/div>\n    <div class=\"c-form__row\">\n        <div class=\"c-form-field\">\n            <label for=\"email\" class=\"c-form-field__label\">E-Mail-Adresse*<\/label><span class=\"wpcf7-form-control-wrap\" data-name=\"email\"><input size=\"40\" maxlength=\"400\" class=\"wpcf7-form-control wpcf7-email wpcf7-validates-as-required wpcf7-text wpcf7-validates-as-email c-form-field__input\" id=\"email\" aria-required=\"true\" aria-invalid=\"false\" value=\"\" type=\"email\" name=\"email\" \/><\/span>\n        <\/div>\n        <div class=\"c-form-field\">\n            <label for=\"phone\" class=\"c-form-field__label\">Telefonnummer*<\/label><span class=\"wpcf7-form-control-wrap\" data-name=\"phone\"><input size=\"40\" maxlength=\"15\" minlength=\"9\" class=\"wpcf7-form-control wpcf7-tel wpcf7-validates-as-required wpcf7-text wpcf7-validates-as-tel c-form-field__input\" id=\"phone\" aria-required=\"true\" aria-invalid=\"false\" value=\"\" type=\"tel\" name=\"phone\" \/><\/span>\n\n        <\/div>\n    <\/div>\n    <div data-id=\"group-1\" data-orig_data_id=\"group-1\"  class=\"\" data-class=\"wpcf7cf_group\">\n    <div class=\"c-form-field\">\n        <label for=\"name\" class=\"c-form-field__label\">Woiwodschaft*<\/label><span class=\"wpcf7-form-control-wrap\" data-name=\"wojewodztwo\"><select class=\"wpcf7-form-control wpcf7-select c-form-field__select\" aria-invalid=\"false\" name=\"wojewodztwo\"><option value=\"\">W\u00e4hlen Sie eine Provinz aus der Liste aus&#8230;<\/option><option value=\"dolno\u015bl\u0105skie\">dolno\u015bl\u0105skie<\/option><option value=\"kujawsko-pomorskie\">kujawsko-pomorskie<\/option><option value=\"lubelskie\">lubelskie<\/option><option value=\"lubuskie\">lubuskie<\/option><option value=\"\u0142\u00f3dzkie\">\u0142\u00f3dzkie<\/option><option value=\"ma\u0142opolskie\">ma\u0142opolskie<\/option><option value=\"mazowieckie\">mazowieckie<\/option><option value=\"opolskie\">opolskie<\/option><option value=\"podkarpackie\">podkarpackie<\/option><option value=\"podlaskie\">podlaskie<\/option><option value=\"pomorskie\">pomorskie<\/option><option value=\"\u015bl\u0105skie\">\u015bl\u0105skie<\/option><option value=\"\u015bwi\u0119tokrzyskie\">\u015bwi\u0119tokrzyskie<\/option><option value=\"warmi\u0144sko-mazurskie\">warmi\u0144sko-mazurskie<\/option><option value=\"wielkopolskie\">wielkopolskie<\/option><option value=\"zachodniopomorskie\">zachodniopomorskie<\/option><\/select><\/span>\n    <\/div>\n    <\/div>\n    <div class=\"c-form-field\">\n        <div data-id=\"company-req\" data-orig_data_id=\"company-req\"  class=\"\" data-class=\"wpcf7cf_group\">\n        <label for=\"company\" class=\"c-form-field__label\">Firmenname*<\/label><span class=\"wpcf7-form-control-wrap\" data-name=\"company\"><input size=\"40\" maxlength=\"400\" class=\"wpcf7-form-control wpcf7-text wpcf7-validates-as-required c-form-field__input\" id=\"company\" aria-required=\"true\" aria-invalid=\"false\" value=\"\" type=\"text\" name=\"company\" \/><\/span>\n        <\/div>\n        <div data-id=\"compan-non-req\" data-orig_data_id=\"compan-non-req\"  class=\"\" data-class=\"wpcf7cf_group\">\n        <label for=\"company\" class=\"c-form-field__label\">Firmenname<\/label><span class=\"wpcf7-form-control-wrap\" data-name=\"company2\"><input size=\"40\" maxlength=\"400\" class=\"wpcf7-form-control wpcf7-text c-form-field__input\" aria-invalid=\"false\" value=\"\" type=\"text\" name=\"company2\" \/><\/span>\n        <\/div>\n    <\/div>\n    <div class=\"c-form-field\">\n        <label for=\"message\" class=\"c-form-field__label\">Nachricht*<\/label><span class=\"wpcf7-form-control-wrap\" data-name=\"message\"><textarea cols=\"40\" rows=\"10\" maxlength=\"2000\" class=\"wpcf7-form-control wpcf7-textarea wpcf7-validates-as-required c-form-field__textarea\" id=\"message\" aria-required=\"true\" aria-invalid=\"false\" name=\"message\"><\/textarea><\/span>\n    <\/div>\n    <div class=\"c-form-field c-form-field__acceptance\">\n        <span class=\"wpcf7-form-control-wrap\" data-name=\"acceptance-931\"><span class=\"wpcf7-form-control wpcf7-acceptance\"><span class=\"wpcf7-list-item\"><label><input type=\"checkbox\" name=\"acceptance-931\" value=\"1\" class=\"c-form__acceptance\" aria-invalid=\"false\" \/><span class=\"wpcf7-list-item-label\">Ich bin damit einverstanden, von den Unternehmen der\n        LeasingTeam-Gruppe kommerzielle und Marketinginformationen \u00fcber Produkte, Dienstleistungen, Werbeaktionen und\n        Veranstaltungen im Zusammenhang mit diesen Unternehmen zu erhalten, basierend auf den von mir bereitgestellten\n        Daten.<\/span><\/label><\/span><\/span><\/span>\n        <span class=\"c-checkbox\"><\/span>\n    <\/div>\n\n    <button type=\"submit\" class=\"wpcf7-form-control wpcf7-submit has-spinner c-button c-button__magenta c-button--has-icon c-button--btn\" >Senden einer\n    Nachricht<span class=\"c-button__icon\"><svg width=\"18\" height=\"18\" viewBox=\"0 0 18 18\" fill=\"none\" xmlns=\"http:\/\/www.w3.org\/2000\/svg\">\n<path d=\"M9.65401 8.99416L6.61719 5.95733L7.48468 5.08984L11.389 8.99416L7.48468 12.8985L6.61719 12.031L9.65401 8.99416Z\" fill=\"#070B47\"\/>\n<\/svg><\/span><\/button>\n\n    <div class=\"c-form-field c-form-field--mb-12 mt-3\">\n        <div class=\"c-text c-text--size-10 c-text--color-blue-05\">Ihre in das Formular aufgenommenen personenbezogenen\n            Daten werden nur zu Kontakt-, Angebots- oder Marketingzwecken, zu analytischen oder statistischen Zwecken\n            von Unternehmen der LeasingTeam-Gruppe als gemeinsam Verantwortliche verarbeitet. Weitere Informationen \u00fcber\n            die gemeinsam Verantwortlichen, die Verarbeitung personenbezogener Daten und die damit verbundenen Rechte\n            finden Sie in der <a href=\"https:\/\/leasingteam.pl\/de\/privatsphaere\" target=\"_blank\"\n                style=\"color:#af005d;\">Datenschutzerkl\u00e4rung.<\/a> <\/div>\n    <\/div>\n\n<\/div><div class=\"wpcf7-response-output\" aria-hidden=\"true\"><\/div>\n<\/form>\n<\/div>\n                                        <div class=\"c-form-popup\">\n    <div class=\"c-form-popup__content\">\n        <button type=\"button\" class=\"c-form-popup__close-btn\">\n            <svg width=\"40\" height=\"40\" viewBox=\"0 0 40 40\" fill=\"none\" xmlns=\"http:\/\/www.w3.org\/2000\/svg\">\n    <path d=\"M13.3359 13.332L26.6693 26.6654M26.6693 13.332L13.3359 26.6654\" stroke=\"#070B47\" stroke-width=\"2.25\" stroke-linecap=\"round\" stroke-linejoin=\"round\"\/>\n    <\/svg>\n            <\/button>\n        <span class=\"c-form-popup__icon\">\n            <svg width=\"40\" height=\"40\" viewBox=\"0 0 40 40\" fill=\"none\" xmlns=\"http:\/\/www.w3.org\/2000\/svg\">\n    <path\n        d=\"M11.6667 15.836L18.6628 18.8874C19.0832 19.0707 19.5369 19.1653 19.9954 19.1653C20.454 19.1653 20.9077 19.0707 21.328 18.8874L28.3333 15.832M5 21.6654V14.9987C5 13.2306 5.70238 11.5349 6.95262 10.2847C8.20286 9.03441 9.89856 8.33203 11.6667 8.33203H28.3333C30.1014 8.33203 31.7971 9.03441 33.0474 10.2847C34.2976 11.5349 35 13.2306 35 14.9987V26.6654C35 28.4335 34.2976 30.1292 33.0474 31.3794C31.7971 32.6297 30.1014 33.332 28.3333 33.332H20M5 28.332H13.3333M8.33333 33.332H13.3333\"\n        stroke=\"#AF005D\" stroke-width=\"2.25\" stroke-linecap=\"round\" stroke-linejoin=\"round\" \/>\n<\/svg>        <\/span>\n\n                <h3 class=\"c-heading c-heading--size-h5\">\n            Vielen Dank f\u00fcr Ihre Nachricht!\n        <\/h3>\n                <div class=\"c-form-popup__text\">\n            Ihre Anfrage hat unser Team erreicht. Wir werden uns in K\u00fcrze mit Ihnen in Verbindung setzen, um Ihre Fragen zu beantworten und die besten L\u00f6sungen f\u00fcr Ihr Unternehmen zu besprechen. \n            <span class=\"c-form-popup__text--email\"><\/span>\n            \n        <\/div>\n      \n        \n         \n        <a href=\"\" target=\"\" class=\"c-button c-button__magenta c-form-popup__close-link c-button--has-icon\" aria-label=\"Ich verstehe\"\n        >\n    <span class=\"c-button__text\">Ich verstehe<\/span>\n            <div class=\"c-button__icon\">\n                        <svg width=\"18\" height=\"18\" viewBox=\"0 0 18 18\" fill=\"none\" xmlns=\"http:\/\/www.w3.org\/2000\/svg\">\n<path d=\"M9.65401 8.99416L6.61719 5.95733L7.48468 5.08984L11.389 8.99416L7.48468 12.8985L6.61719 12.031L9.65401 8.99416Z\" fill=\"#070B47\"\/>\n<\/svg>\n        <\/div>\n    <\/a>\n            <\/div>\n<\/div>                <\/div>\n                \n            <\/div>\n        <\/div>\n        <div class=\"b-herocontact__image\">\n            \n        <\/div>\n    <\/div>\n<\/section>","protected":false},"excerpt":{"rendered":"","protected":false},"author":1,"featured_media":0,"parent":0,"menu_order":0,"comment_status":"closed","ping_status":"closed","template":"","meta":{"_acf_changed":false,"footnotes":""},"class_list":["post-17029","page","type-page","status-publish","hentry"],"acf":[],"yoast_head":"<!-- This site is optimized with the Yoast SEO plugin v25.9 - https:\/\/yoast.com\/wordpress\/plugins\/seo\/ -->\n<title>Angebot anfordern | VermietungTeam<\/title>\n<meta name=\"description\" content=\"F\u00fcllen Sie das Formular aus und sehen Sie, was die Personalberatungsagentur LeasingTeam f\u00fcr Ihr Unternehmen tun kann. Wir steigern effektiv die Effizienz von Unternehmen.\" \/>\n<meta name=\"robots\" content=\"index, follow, max-snippet:-1, max-image-preview:large, max-video-preview:-1\" \/>\n<link rel=\"canonical\" href=\"https:\/\/leasingteam.pl\/de\/anfrage\" \/>\n<meta property=\"og:locale\" content=\"de_DE\" \/>\n<meta property=\"og:type\" content=\"article\" \/>\n<meta property=\"og:title\" content=\"Angebot anfordern | VermietungTeam\" \/>\n<meta property=\"og:description\" content=\"F\u00fcllen Sie das Formular aus und sehen Sie, was die Personalberatungsagentur LeasingTeam f\u00fcr Ihr Unternehmen tun kann. Wir steigern effektiv die Effizienz von Unternehmen.\" \/>\n<meta property=\"og:url\" content=\"https:\/\/leasingteam.pl\/de\/anfrage\" \/>\n<meta property=\"og:site_name\" content=\"LeasingTeam\" \/>\n<meta property=\"article:modified_time\" content=\"2025-08-04T08:05:47+00:00\" \/>\n<meta name=\"twitter:card\" content=\"summary_large_image\" \/>\n<script type=\"application\/ld+json\" class=\"yoast-schema-graph\">{\"@context\":\"https:\/\/schema.org\",\"@graph\":[{\"@type\":\"WebPage\",\"@id\":\"https:\/\/leasingteam.pl\/de\/anfrage\",\"url\":\"https:\/\/leasingteam.pl\/de\/anfrage\",\"name\":\"Angebot anfordern | VermietungTeam\",\"isPartOf\":{\"@id\":\"https:\/\/leasingteam.pl\/de#website\"},\"datePublished\":\"2025-03-10T11:42:51+00:00\",\"dateModified\":\"2025-08-04T08:05:47+00:00\",\"description\":\"F\u00fcllen Sie das Formular aus und sehen Sie, was die Personalberatungsagentur LeasingTeam f\u00fcr Ihr Unternehmen tun kann. Wir steigern effektiv die Effizienz von Unternehmen.\",\"breadcrumb\":{\"@id\":\"https:\/\/leasingteam.pl\/de\/anfrage#breadcrumb\"},\"inLanguage\":\"de-DE\",\"potentialAction\":[{\"@type\":\"ReadAction\",\"target\":[\"https:\/\/leasingteam.pl\/de\/anfrage\"]}]},{\"@type\":\"BreadcrumbList\",\"@id\":\"https:\/\/leasingteam.pl\/de\/anfrage#breadcrumb\",\"itemListElement\":[{\"@type\":\"ListItem\",\"position\":1,\"name\":\"Home\",\"item\":\"https:\/\/leasingteam.pl\/de\"},{\"@type\":\"ListItem\",\"position\":2,\"name\":\"Anfrage\"}]},{\"@type\":\"WebSite\",\"@id\":\"https:\/\/leasingteam.pl\/de#website\",\"url\":\"https:\/\/leasingteam.pl\/de\",\"name\":\"LeasingTeam\",\"description\":\"\",\"publisher\":{\"@id\":\"https:\/\/leasingteam.pl\/de#organization\"},\"potentialAction\":[{\"@type\":\"SearchAction\",\"target\":{\"@type\":\"EntryPoint\",\"urlTemplate\":\"https:\/\/leasingteam.pl\/de?s={search_term_string}\"},\"query-input\":{\"@type\":\"PropertyValueSpecification\",\"valueRequired\":true,\"valueName\":\"search_term_string\"}}],\"inLanguage\":\"de-DE\"},{\"@type\":\"Organization\",\"@id\":\"https:\/\/leasingteam.pl\/de#organization\",\"name\":\"LeasingTeam\",\"url\":\"https:\/\/leasingteam.pl\/de\",\"logo\":{\"@type\":\"ImageObject\",\"inLanguage\":\"de-DE\",\"@id\":\"https:\/\/leasingteam.pl\/de#\/schema\/logo\/image\/\",\"url\":\"https:\/\/leasingteam.pl\/content\/uploads\/2025\/02\/Logotyp-LT-1.svg\",\"contentUrl\":\"https:\/\/leasingteam.pl\/content\/uploads\/2025\/02\/Logotyp-LT-1.svg\",\"width\":1,\"height\":1,\"caption\":\"LeasingTeam\"},\"image\":{\"@id\":\"https:\/\/leasingteam.pl\/de#\/schema\/logo\/image\/\"}}]}<\/script>\n<!-- \/ Yoast SEO plugin. -->","yoast_head_json":{"title":"Angebot anfordern | VermietungTeam","description":"F\u00fcllen Sie das Formular aus und sehen Sie, was die Personalberatungsagentur LeasingTeam f\u00fcr Ihr Unternehmen tun kann. Wir steigern effektiv die Effizienz von Unternehmen.","robots":{"index":"index","follow":"follow","max-snippet":"max-snippet:-1","max-image-preview":"max-image-preview:large","max-video-preview":"max-video-preview:-1"},"canonical":"https:\/\/leasingteam.pl\/de\/anfrage","og_locale":"de_DE","og_type":"article","og_title":"Angebot anfordern | VermietungTeam","og_description":"F\u00fcllen Sie das Formular aus und sehen Sie, was die Personalberatungsagentur LeasingTeam f\u00fcr Ihr Unternehmen tun kann. Wir steigern effektiv die Effizienz von Unternehmen.","og_url":"https:\/\/leasingteam.pl\/de\/anfrage","og_site_name":"LeasingTeam","article_modified_time":"2025-08-04T08:05:47+00:00","twitter_card":"summary_large_image","schema":{"@context":"https:\/\/schema.org","@graph":[{"@type":"WebPage","@id":"https:\/\/leasingteam.pl\/de\/anfrage","url":"https:\/\/leasingteam.pl\/de\/anfrage","name":"Angebot anfordern | VermietungTeam","isPartOf":{"@id":"https:\/\/leasingteam.pl\/de#website"},"datePublished":"2025-03-10T11:42:51+00:00","dateModified":"2025-08-04T08:05:47+00:00","description":"F\u00fcllen Sie das Formular aus und sehen Sie, was die Personalberatungsagentur LeasingTeam f\u00fcr Ihr Unternehmen tun kann. Wir steigern effektiv die Effizienz von Unternehmen.","breadcrumb":{"@id":"https:\/\/leasingteam.pl\/de\/anfrage#breadcrumb"},"inLanguage":"de-DE","potentialAction":[{"@type":"ReadAction","target":["https:\/\/leasingteam.pl\/de\/anfrage"]}]},{"@type":"BreadcrumbList","@id":"https:\/\/leasingteam.pl\/de\/anfrage#breadcrumb","itemListElement":[{"@type":"ListItem","position":1,"name":"Home","item":"https:\/\/leasingteam.pl\/de"},{"@type":"ListItem","position":2,"name":"Anfrage"}]},{"@type":"WebSite","@id":"https:\/\/leasingteam.pl\/de#website","url":"https:\/\/leasingteam.pl\/de","name":"LeasingTeam","description":"","publisher":{"@id":"https:\/\/leasingteam.pl\/de#organization"},"potentialAction":[{"@type":"SearchAction","target":{"@type":"EntryPoint","urlTemplate":"https:\/\/leasingteam.pl\/de?s={search_term_string}"},"query-input":{"@type":"PropertyValueSpecification","valueRequired":true,"valueName":"search_term_string"}}],"inLanguage":"de-DE"},{"@type":"Organization","@id":"https:\/\/leasingteam.pl\/de#organization","name":"LeasingTeam","url":"https:\/\/leasingteam.pl\/de","logo":{"@type":"ImageObject","inLanguage":"de-DE","@id":"https:\/\/leasingteam.pl\/de#\/schema\/logo\/image\/","url":"https:\/\/leasingteam.pl\/content\/uploads\/2025\/02\/Logotyp-LT-1.svg","contentUrl":"https:\/\/leasingteam.pl\/content\/uploads\/2025\/02\/Logotyp-LT-1.svg","width":1,"height":1,"caption":"LeasingTeam"},"image":{"@id":"https:\/\/leasingteam.pl\/de#\/schema\/logo\/image\/"}}]}},"_links":{"self":[{"href":"https:\/\/leasingteam.pl\/de\/wp-json\/wp\/v2\/pages\/17029","targetHints":{"allow":["GET"]}}],"collection":[{"href":"https:\/\/leasingteam.pl\/de\/wp-json\/wp\/v2\/pages"}],"about":[{"href":"https:\/\/leasingteam.pl\/de\/wp-json\/wp\/v2\/types\/page"}],"author":[{"embeddable":true,"href":"https:\/\/leasingteam.pl\/de\/wp-json\/wp\/v2\/users\/1"}],"replies":[{"embeddable":true,"href":"https:\/\/leasingteam.pl\/de\/wp-json\/wp\/v2\/comments?post=17029"}],"version-history":[{"count":3,"href":"https:\/\/leasingteam.pl\/de\/wp-json\/wp\/v2\/pages\/17029\/revisions"}],"predecessor-version":[{"id":19379,"href":"https:\/\/leasingteam.pl\/de\/wp-json\/wp\/v2\/pages\/17029\/revisions\/19379"}],"wp:attachment":[{"href":"https:\/\/leasingteam.pl\/de\/wp-json\/wp\/v2\/media?parent=17029"}],"curies":[{"name":"wp","href":"https:\/\/api.w.org\/{rel}","templated":true}]}}