{"id":20143,"date":"2025-03-10T12:42:51","date_gmt":"2025-03-10T11:42:51","guid":{"rendered":"https:\/\/leasingteam.pl\/dotaz"},"modified":"2025-09-04T14:36:10","modified_gmt":"2025-09-04T12:36:10","slug":"dotaz","status":"publish","type":"page","link":"https:\/\/leasingteam.pl\/cs\/dotaz","title":{"rendered":"Dotaz"},"content":{"rendered":"<section  class=\"b-herocontact\">\n    <div class=\"b-herocontact__wrapper\">\n        <div class=\"container\">\n            <ul class=\"c-breadcrumbs\"><li class=\"c-breadcrumbs__item\"><a href=\"https:\/\/leasingteam.pl\/cs\">Home<\/a><\/li><\/ul>\n            \n            <div class=\"b-herocontact__row  b-herocontact__row--add-margin \">\n                <div class=\"b-herocontact__content\">\n                                        \n                                            <H1 class=\"c-heading b-herocontact__heading  c-heading--alignment-left c-heading--size-h3\">Dotaz<\/H1>\n\n                                        \n                    <div class=\"b-herocontact__description\">\n                                                    Kapit\u00e1lov\u00e1 skupina LeasingTeam nab\u00edz\u00ed \u0159adu \u0159e\u0161en\u00ed v oblasti \u0159\u00edzen\u00ed lidsk\u00fdch zdroj\u016f, kter\u00e1 zvy\u0161uj\u00ed efektivitu podnik\u016f. Vypl\u0148te formul\u00e1\u0159 a pod\u00edvejte se, co m\u016f\u017eeme ud\u011blat pro va\u0161i spole\u010dnost! \n                                                \n                                            <\/div>\n\n\n                                    <\/div>\n                <div class=\"b-herocontact__content b-herocontact__content--newsletter\">\n                                            \n<div class=\"wpcf7 no-js\" id=\"wpcf7-f22454-o1\" lang=\"cs-CZ\" dir=\"ltr\" data-wpcf7-id=\"22454\">\n<div class=\"screen-reader-response\"><p role=\"status\" aria-live=\"polite\" aria-atomic=\"true\"><\/p> <ul><\/ul><\/div>\n<form action=\"\/cs\/wp-json\/wp\/v2\/pages\/20143#wpcf7-f22454-o1\" method=\"post\" class=\"wpcf7-form init wpcf7-acceptance-as-validation\" aria-label=\"Contact form\" novalidate=\"novalidate\" data-status=\"init\">\n<fieldset class=\"hidden-fields-container\"><input type=\"hidden\" name=\"_wpcf7\" value=\"22454\" \/><input type=\"hidden\" name=\"_wpcf7_version\" value=\"6.1.1\" \/><input type=\"hidden\" name=\"_wpcf7_locale\" value=\"cs_CZ\" \/><input type=\"hidden\" name=\"_wpcf7_unit_tag\" value=\"wpcf7-f22454-o1\" \/><input type=\"hidden\" name=\"_wpcf7_container_post\" value=\"0\" \/><input type=\"hidden\" name=\"_wpcf7_posted_data_hash\" value=\"\" \/><input type=\"hidden\" name=\"_wpcf7cf_hidden_group_fields\" value=\"[]\" \/><input type=\"hidden\" name=\"_wpcf7cf_hidden_groups\" value=\"[]\" \/><input type=\"hidden\" name=\"_wpcf7cf_visible_groups\" value=\"[]\" \/><input type=\"hidden\" name=\"_wpcf7cf_repeaters\" value=\"[]\" \/><input type=\"hidden\" name=\"_wpcf7cf_steps\" value=\"{}\" \/><input type=\"hidden\" name=\"_wpcf7cf_options\" value=\"{&quot;form_id&quot;:22454,&quot;conditions&quot;:[{&quot;then_field&quot;:&quot;group-1&quot;,&quot;and_rules&quot;:[{&quot;if_field&quot;:&quot;subject&quot;,&quot;operator&quot;:&quot;equals&quot;,&quot;if_value&quot;:&quot;Hled\\u00e1m pr\\u00e1ci&quot;}]},{&quot;then_field&quot;:&quot;compan-non-req&quot;,&quot;and_rules&quot;:[{&quot;if_field&quot;:&quot;subject&quot;,&quot;operator&quot;:&quot;equals&quot;,&quot;if_value&quot;:&quot;Hled\\u00e1m pr\\u00e1ci&quot;}]},{&quot;then_field&quot;:&quot;company-req&quot;,&quot;and_rules&quot;:[{&quot;if_field&quot;:&quot;subject&quot;,&quot;operator&quot;:&quot;not equals&quot;,&quot;if_value&quot;:&quot;Hled\\u00e1m pr\\u00e1ci&quot;}]}],&quot;settings&quot;:{&quot;animation&quot;:&quot;yes&quot;,&quot;animation_intime&quot;:200,&quot;animation_outtime&quot;:200,&quot;conditions_ui&quot;:&quot;normal&quot;,&quot;notice_dismissed&quot;:false}}\" \/><input type=\"hidden\" name=\"_wpcf7_recaptcha_response\" value=\"\" \/>\n<\/fieldset>\n<input class=\"wpcf7-form-control wpcf7-hidden\" value=\"\" type=\"hidden\" name=\"utm_source\" \/>\n<input class=\"wpcf7-form-control wpcf7-hidden\" value=\"\" type=\"hidden\" name=\"utm_campaign\" \/>\n\n<div class=\"c-form\">\n\n<div class=\"c-form-field\">\n        <label for=\"subject\" class=\"c-form-field__label\">P\u0159edm\u011bt zpr\u00e1vy*<\/label><span class=\"wpcf7-form-control-wrap\" data-name=\"subject\"><select class=\"wpcf7-form-control wpcf7-select wpcf7-validates-as-required c-form-field__select\" id=\"subject\" aria-required=\"true\" aria-invalid=\"false\" name=\"subject\"><option value=\"\">Vyberte t\u00e9ma ze seznamu&#8230;<\/option><option value=\"Podpora pro m\u00e9 podnik\u00e1n\u00ed\">Podpora pro m\u00e9 podnik\u00e1n\u00ed<\/option><option value=\"Hled\u00e1m pr\u00e1ci\">Hled\u00e1m pr\u00e1ci<\/option><\/select><\/span>\n\n    <\/div>\n<div data-id=\"group-1\" data-orig_data_id=\"group-1\"  class=\"\" data-class=\"wpcf7cf_group\">\n  <div class=\"c-form-field\">\n    <a href=\"\/cs\/pro-uchazece\/databaze-kandidatu\" class=\"c-button\" style=\"margin-top: 20px;\">Zanechte n\u00e1m sv\u016fj \u017eivotopis<\/a>\n   <\/div>\n<\/div>\n\n    <div class=\"c-form__row\">\n        <div class=\"c-form-field\">\n            <label for=\"name\" class=\"c-form-field__label\">Jm\u00e9no*<\/label><span class=\"wpcf7-form-control-wrap\" data-name=\"your-name\"><input size=\"40\" maxlength=\"400\" minlength=\"3\" class=\"wpcf7-form-control wpcf7-text wpcf7-validates-as-required c-form-field__input\" id=\"name\" aria-required=\"true\" aria-invalid=\"false\" value=\"\" type=\"text\" name=\"your-name\" \/><\/span>\n        <\/div>\n        <div class=\"c-form-field\">\n            <label for=\"lastname\" class=\"c-form-field__label\">P\u0159\u00edjmen\u00ed*<\/label><span class=\"wpcf7-form-control-wrap\" data-name=\"lastname\"><input size=\"40\" maxlength=\"400\" minlength=\"3\" class=\"wpcf7-form-control wpcf7-text wpcf7-validates-as-required c-form-field__input\" id=\"lastname\" aria-required=\"true\" aria-invalid=\"false\" value=\"\" type=\"text\" name=\"lastname\" \/><\/span>\n        <\/div>\n    <\/div>\n    <div class=\"c-form__row\">\n        <div class=\"c-form-field\">\n            <label for=\"email\" class=\"c-form-field__label\">E-mailov\u00e1 adresa*<\/label><span class=\"wpcf7-form-control-wrap\" data-name=\"email\"><input size=\"40\" maxlength=\"400\" class=\"wpcf7-form-control wpcf7-email wpcf7-validates-as-required wpcf7-text wpcf7-validates-as-email c-form-field__input\" id=\"email\" aria-required=\"true\" aria-invalid=\"false\" value=\"\" type=\"email\" name=\"email\" \/><\/span>\n        <\/div>\n        <div class=\"c-form-field\">\n            <label for=\"phone\" class=\"c-form-field__label\">Telefonn\u00ed \u010d\u00edslo*<\/label><span class=\"wpcf7-form-control-wrap\" data-name=\"phone\"><input size=\"40\" maxlength=\"15\" minlength=\"9\" class=\"wpcf7-form-control wpcf7-tel wpcf7-validates-as-required wpcf7-text wpcf7-validates-as-tel c-form-field__input\" id=\"phone\" aria-required=\"true\" aria-invalid=\"false\" value=\"\" type=\"tel\" name=\"phone\" \/><\/span>\n        \n<\/div>\n    <\/div>\n\n<div data-id=\"group-1\" data-orig_data_id=\"group-1\"  class=\"\" data-class=\"wpcf7cf_group\">\n        <div class=\"c-form-field\">\n            <label for=\"name\" class=\"c-form-field__label\">Vojvodstv\u00ed*<\/label><span class=\"wpcf7-form-control-wrap\" data-name=\"wojewodztwo\"><select class=\"wpcf7-form-control wpcf7-select c-form-field__select\" aria-invalid=\"false\" name=\"wojewodztwo\"><option value=\"\">Vyberte provincii ze seznamu&#8230;<\/option><option value=\"Dolnoslezsk\u00e9 vojvodstv\u00ed\">Dolnoslezsk\u00e9 vojvodstv\u00ed<\/option><option value=\"Kujavsko-pomo\u0159ansk\u00e9 vojvodstv\u00ed\">Kujavsko-pomo\u0159ansk\u00e9 vojvodstv\u00ed<\/option><option value=\"Lublin\">Lublin<\/option><option value=\"Lubu\u0161sk\u00e9 vojvodstv\u00ed\">Lubu\u0161sk\u00e9 vojvodstv\u00ed<\/option><option value=\"Lod\u017esk\u00e9 vojvodstv\u00ed\">Lod\u017esk\u00e9 vojvodstv\u00ed<\/option><option value=\"Malopolsk\u00e9 vojvodstv\u00ed\">Malopolsk\u00e9 vojvodstv\u00ed<\/option><option value=\"Mazovsk\u00e9 vojvodstv\u00ed\">Mazovsk\u00e9 vojvodstv\u00ed<\/option><option value=\"Opole\">Opole<\/option><option value=\"Podkarpatsk\u00e9 vojvodstv\u00ed\">Podkarpatsk\u00e9 vojvodstv\u00ed<\/option><option value=\"Podlesk\u00e9 vojvodstv\u00ed\">Podlesk\u00e9 vojvodstv\u00ed<\/option><option value=\"Pomo\u0159ansk\u00e9 vojvodstv\u00ed\">Pomo\u0159ansk\u00e9 vojvodstv\u00ed<\/option><option value=\"Slezsk\u00fd\">Slezsk\u00fd<\/option><option value=\"Svatok\u0159\u00ed\u017esk\u00e9 vojvodstv\u00ed\">Svatok\u0159\u00ed\u017esk\u00e9 vojvodstv\u00ed<\/option><option value=\"Varmijsko-mazursk\u00e9 vojvodstv\u00ed\">Varmijsko-mazursk\u00e9 vojvodstv\u00ed<\/option><option value=\"Velkopolsko\">Velkopolsko<\/option><option value=\"Z\u00e1padopomo\u0159ansk\u00e9 vojvodstv\u00ed\">Z\u00e1padopomo\u0159ansk\u00e9 vojvodstv\u00ed<\/option><\/select><\/span>\n        <\/div>\n<\/div>\n\n    <div class=\"c-form-field\">\n         <div data-id=\"company-req\" data-orig_data_id=\"company-req\"  class=\"\" data-class=\"wpcf7cf_group\">\n            <label for=\"company\" class=\"c-form-field__label\">N\u00e1zev spole\u010dnosti*<\/label><span class=\"wpcf7-form-control-wrap\" data-name=\"company\"><input size=\"40\" maxlength=\"400\" class=\"wpcf7-form-control wpcf7-text wpcf7-validates-as-required c-form-field__input\" id=\"company\" aria-required=\"true\" aria-invalid=\"false\" value=\"\" type=\"text\" name=\"company\" \/><\/span>\n        <\/div>\n       <div data-id=\"compan-non-req\" data-orig_data_id=\"compan-non-req\"  class=\"\" data-class=\"wpcf7cf_group\">\n            <label for=\"company\" class=\"c-form-field__label\">N\u00e1zev spole\u010dnosti<\/label><span class=\"wpcf7-form-control-wrap\" data-name=\"company2\"><input size=\"40\" maxlength=\"400\" class=\"wpcf7-form-control wpcf7-text c-form-field__input\" aria-invalid=\"false\" value=\"\" type=\"text\" name=\"company2\" \/><\/span>\n        <\/div>\n    <\/div>\n    <div class=\"c-form-field\">\n        <label for=\"message\" class=\"c-form-field__label\">Zpr\u00e1va*<\/label><span class=\"wpcf7-form-control-wrap\" data-name=\"message\"><textarea cols=\"40\" rows=\"10\" maxlength=\"2000\" class=\"wpcf7-form-control wpcf7-textarea wpcf7-validates-as-required c-form-field__textarea\" id=\"message\" aria-required=\"true\" aria-invalid=\"false\" name=\"message\"><\/textarea><\/span>\n    <\/div>\n <div class=\"c-form-field c-form-field__acceptance\">\n<span class=\"wpcf7-form-control-wrap\" data-name=\"acceptance-931\"><span class=\"wpcf7-form-control wpcf7-acceptance\"><span class=\"wpcf7-list-item\"><label><input type=\"checkbox\" name=\"acceptance-931\" value=\"1\" class=\"c-form__acceptance\" aria-invalid=\"false\" \/><span class=\"wpcf7-list-item-label\">Souhlas\u00edm se zas\u00edl\u00e1n\u00edm obchodn\u00edch a marketingov\u00fdch informac\u00ed od spole\u010dnost\u00ed skupiny LeasingTeam t\u00fdkaj\u00edc\u00edch se produkt\u016f, slu\u017eeb, propaga\u010dn\u00edch akc\u00ed a ud\u00e1lost\u00ed souvisej\u00edc\u00edch s t\u011bmito spole\u010dnostmi na z\u00e1klad\u011b mnou poskytnut\u00fdch \u00fadaj\u016f.<\/span><\/label><\/span><\/span><\/span>\n<span class=\"c-checkbox\"><\/span>\n<\/div>\n\n<button type=\"submit\" class=\"wpcf7-form-control wpcf7-submit has-spinner c-button c-button__magenta c-button--has-icon c-button--btn\" >Poslat zpr\u00e1vu<span class=\"c-button__icon\"><svg width=\"18\" height=\"18\" viewBox=\"0 0 18 18\" fill=\"none\" xmlns=\"http:\/\/www.w3.org\/2000\/svg\">\n<path d=\"M9.65401 8.99416L6.61719 5.95733L7.48468 5.08984L11.389 8.99416L7.48468 12.8985L6.61719 12.031L9.65401 8.99416Z\" fill=\"#070B47\"\/>\n<\/svg><\/span><\/button>\n\n <div class=\"c-form-field c-form-field--mb-12 mt-3\">\n<div class=\"c-text c-text--size-10 c-text--color-blue-05\">Va\u0161e osobn\u00ed \u00fadaje uveden\u00e9 ve formul\u00e1\u0159i budou zpracov\u00e1v\u00e1ny pouze pro kontaktn\u00ed, nab\u00eddkov\u00e9 nebo marketingov\u00e9, analytick\u00e9 nebo statistick\u00e9 \u00fa\u010dely spole\u010dnostmi ze skupiny LeasingTeam jako spole\u010dn\u00fdmi spr\u00e1vci. V\u00edce informac\u00ed o Spole\u010dn\u00fdch spr\u00e1vc\u00edch, zpracov\u00e1n\u00ed osobn\u00edch \u00fadaj\u016f a souvisej\u00edc\u00edch pr\u00e1vech je k dispozici v <a href=\"https:\/\/leasingteam.pl\/cs\/soukromi\" target=\"_blank\" style=\"color:#af005d;\">Z\u00e1sad\u00e1ch ochrany osobn\u00edch \u00fadaj\u016f.<\/a> <\/div>\n  <\/div>\n\n<\/div><div class=\"wpcf7-response-output\" aria-hidden=\"true\"><\/div>\n<\/form>\n<\/div>\n                                        <div class=\"c-form-popup\">\n    <div class=\"c-form-popup__content\">\n        <button type=\"button\" class=\"c-form-popup__close-btn\">\n            <svg width=\"40\" height=\"40\" viewBox=\"0 0 40 40\" fill=\"none\" xmlns=\"http:\/\/www.w3.org\/2000\/svg\">\n    <path d=\"M13.3359 13.332L26.6693 26.6654M26.6693 13.332L13.3359 26.6654\" stroke=\"#070B47\" stroke-width=\"2.25\" stroke-linecap=\"round\" stroke-linejoin=\"round\"\/>\n    <\/svg>\n            <\/button>\n        <span class=\"c-form-popup__icon\">\n            <svg width=\"40\" height=\"40\" viewBox=\"0 0 40 40\" fill=\"none\" xmlns=\"http:\/\/www.w3.org\/2000\/svg\">\n    <path\n        d=\"M11.6667 15.836L18.6628 18.8874C19.0832 19.0707 19.5369 19.1653 19.9954 19.1653C20.454 19.1653 20.9077 19.0707 21.328 18.8874L28.3333 15.832M5 21.6654V14.9987C5 13.2306 5.70238 11.5349 6.95262 10.2847C8.20286 9.03441 9.89856 8.33203 11.6667 8.33203H28.3333C30.1014 8.33203 31.7971 9.03441 33.0474 10.2847C34.2976 11.5349 35 13.2306 35 14.9987V26.6654C35 28.4335 34.2976 30.1292 33.0474 31.3794C31.7971 32.6297 30.1014 33.332 28.3333 33.332H20M5 28.332H13.3333M8.33333 33.332H13.3333\"\n        stroke=\"#AF005D\" stroke-width=\"2.25\" stroke-linecap=\"round\" stroke-linejoin=\"round\" \/>\n<\/svg>        <\/span>\n\n                <h3 class=\"c-heading c-heading--size-h5\">\n            D\u011bkujeme za va\u0161i zpr\u00e1vu!\n        <\/h3>\n                <div class=\"c-form-popup__text\">\n            V\u00e1\u0161 dotaz se dostal k na\u0161emu t\u00fdmu. Brzy se v\u00e1m ozveme, abychom zodpov\u011bd\u011bli va\u0161e dotazy a probrali nejlep\u0161\u00ed \u0159e\u0161en\u00ed pro va\u0161e podnik\u00e1n\u00ed. \n            <span class=\"c-form-popup__text--email\"><\/span>\n            \n        <\/div>\n      \n        \n         \n        <a href=\"\" target=\"\" class=\"c-button c-button__magenta c-form-popup__close-link c-button--has-icon\" aria-label=\"Rozum\u00edm\"\n        >\n    <span class=\"c-button__text\">Rozum\u00edm<\/span>\n            <div class=\"c-button__icon\">\n                        <svg width=\"18\" height=\"18\" viewBox=\"0 0 18 18\" fill=\"none\" xmlns=\"http:\/\/www.w3.org\/2000\/svg\">\n<path d=\"M9.65401 8.99416L6.61719 5.95733L7.48468 5.08984L11.389 8.99416L7.48468 12.8985L6.61719 12.031L9.65401 8.99416Z\" fill=\"#070B47\"\/>\n<\/svg>\n        <\/div>\n    <\/a>\n            <\/div>\n<\/div>                <\/div>\n                \n            <\/div>\n        <\/div>\n        <div class=\"b-herocontact__image\">\n            \n        <\/div>\n    <\/div>\n<\/section>","protected":false},"excerpt":{"rendered":"","protected":false},"author":1,"featured_media":0,"parent":0,"menu_order":0,"comment_status":"closed","ping_status":"closed","template":"","meta":{"_acf_changed":false,"footnotes":""},"class_list":["post-20143","page","type-page","status-publish","hentry"],"acf":[],"yoast_head":"<!-- This site is optimized with the Yoast SEO plugin v25.9 - https:\/\/yoast.com\/wordpress\/plugins\/seo\/ -->\n<title>Vy\u017e\u00e1dejte si cenovou nab\u00eddku | Leasingov\u00fd t\u00fdm<\/title>\n<meta name=\"description\" content=\"Vypl\u0148te formul\u00e1\u0159 a pod\u00edvejte se, co m\u016f\u017ee person\u00e1ln\u011b poradensk\u00e1 agentura LeasingTeam ud\u011blat pro va\u0161i spole\u010dnost. Efektivn\u011b zvy\u0161ujeme efektivitu podnik\u016f.\" \/>\n<meta name=\"robots\" content=\"index, follow, max-snippet:-1, max-image-preview:large, max-video-preview:-1\" \/>\n<link rel=\"canonical\" href=\"https:\/\/leasingteam.pl\/cs\/dotaz\" \/>\n<meta property=\"og:locale\" content=\"cs_CZ\" \/>\n<meta property=\"og:type\" content=\"article\" \/>\n<meta property=\"og:title\" content=\"Vy\u017e\u00e1dejte si cenovou nab\u00eddku | Leasingov\u00fd t\u00fdm\" \/>\n<meta property=\"og:description\" content=\"Vypl\u0148te formul\u00e1\u0159 a pod\u00edvejte se, co m\u016f\u017ee person\u00e1ln\u011b poradensk\u00e1 agentura LeasingTeam ud\u011blat pro va\u0161i spole\u010dnost. Efektivn\u011b zvy\u0161ujeme efektivitu podnik\u016f.\" \/>\n<meta property=\"og:url\" content=\"https:\/\/leasingteam.pl\/cs\/dotaz\" \/>\n<meta property=\"og:site_name\" content=\"LeasingTeam\" \/>\n<meta property=\"article:modified_time\" content=\"2025-09-04T12:36:10+00:00\" \/>\n<meta name=\"twitter:card\" content=\"summary_large_image\" \/>\n<script type=\"application\/ld+json\" class=\"yoast-schema-graph\">{\"@context\":\"https:\/\/schema.org\",\"@graph\":[{\"@type\":\"WebPage\",\"@id\":\"https:\/\/leasingteam.pl\/cs\/dotaz\",\"url\":\"https:\/\/leasingteam.pl\/cs\/dotaz\",\"name\":\"Vy\u017e\u00e1dejte si cenovou nab\u00eddku | Leasingov\u00fd t\u00fdm\",\"isPartOf\":{\"@id\":\"https:\/\/leasingteam.pl\/cs#website\"},\"datePublished\":\"2025-03-10T11:42:51+00:00\",\"dateModified\":\"2025-09-04T12:36:10+00:00\",\"description\":\"Vypl\u0148te formul\u00e1\u0159 a pod\u00edvejte se, co m\u016f\u017ee person\u00e1ln\u011b poradensk\u00e1 agentura LeasingTeam ud\u011blat pro va\u0161i spole\u010dnost. Efektivn\u011b zvy\u0161ujeme efektivitu podnik\u016f.\",\"breadcrumb\":{\"@id\":\"https:\/\/leasingteam.pl\/cs\/dotaz#breadcrumb\"},\"inLanguage\":\"cs-CZ\",\"potentialAction\":[{\"@type\":\"ReadAction\",\"target\":[\"https:\/\/leasingteam.pl\/cs\/dotaz\"]}]},{\"@type\":\"BreadcrumbList\",\"@id\":\"https:\/\/leasingteam.pl\/cs\/dotaz#breadcrumb\",\"itemListElement\":[{\"@type\":\"ListItem\",\"position\":1,\"name\":\"Home\",\"item\":\"https:\/\/leasingteam.pl\/cs\"},{\"@type\":\"ListItem\",\"position\":2,\"name\":\"Dotaz\"}]},{\"@type\":\"WebSite\",\"@id\":\"https:\/\/leasingteam.pl\/cs#website\",\"url\":\"https:\/\/leasingteam.pl\/cs\",\"name\":\"LeasingTeam\",\"description\":\"\",\"publisher\":{\"@id\":\"https:\/\/leasingteam.pl\/cs#organization\"},\"potentialAction\":[{\"@type\":\"SearchAction\",\"target\":{\"@type\":\"EntryPoint\",\"urlTemplate\":\"https:\/\/leasingteam.pl\/cs?s={search_term_string}\"},\"query-input\":{\"@type\":\"PropertyValueSpecification\",\"valueRequired\":true,\"valueName\":\"search_term_string\"}}],\"inLanguage\":\"cs-CZ\"},{\"@type\":\"Organization\",\"@id\":\"https:\/\/leasingteam.pl\/cs#organization\",\"name\":\"LeasingTeam\",\"url\":\"https:\/\/leasingteam.pl\/cs\",\"logo\":{\"@type\":\"ImageObject\",\"inLanguage\":\"cs-CZ\",\"@id\":\"https:\/\/leasingteam.pl\/cs#\/schema\/logo\/image\/\",\"url\":\"https:\/\/leasingteam.pl\/content\/uploads\/2025\/02\/Logotyp-LT-1.svg\",\"contentUrl\":\"https:\/\/leasingteam.pl\/content\/uploads\/2025\/02\/Logotyp-LT-1.svg\",\"width\":1,\"height\":1,\"caption\":\"LeasingTeam\"},\"image\":{\"@id\":\"https:\/\/leasingteam.pl\/cs#\/schema\/logo\/image\/\"}}]}<\/script>\n<!-- \/ Yoast SEO plugin. -->","yoast_head_json":{"title":"Vy\u017e\u00e1dejte si cenovou nab\u00eddku | Leasingov\u00fd t\u00fdm","description":"Vypl\u0148te formul\u00e1\u0159 a pod\u00edvejte se, co m\u016f\u017ee person\u00e1ln\u011b poradensk\u00e1 agentura LeasingTeam ud\u011blat pro va\u0161i spole\u010dnost. Efektivn\u011b zvy\u0161ujeme efektivitu podnik\u016f.","robots":{"index":"index","follow":"follow","max-snippet":"max-snippet:-1","max-image-preview":"max-image-preview:large","max-video-preview":"max-video-preview:-1"},"canonical":"https:\/\/leasingteam.pl\/cs\/dotaz","og_locale":"cs_CZ","og_type":"article","og_title":"Vy\u017e\u00e1dejte si cenovou nab\u00eddku | Leasingov\u00fd t\u00fdm","og_description":"Vypl\u0148te formul\u00e1\u0159 a pod\u00edvejte se, co m\u016f\u017ee person\u00e1ln\u011b poradensk\u00e1 agentura LeasingTeam ud\u011blat pro va\u0161i spole\u010dnost. Efektivn\u011b zvy\u0161ujeme efektivitu podnik\u016f.","og_url":"https:\/\/leasingteam.pl\/cs\/dotaz","og_site_name":"LeasingTeam","article_modified_time":"2025-09-04T12:36:10+00:00","twitter_card":"summary_large_image","schema":{"@context":"https:\/\/schema.org","@graph":[{"@type":"WebPage","@id":"https:\/\/leasingteam.pl\/cs\/dotaz","url":"https:\/\/leasingteam.pl\/cs\/dotaz","name":"Vy\u017e\u00e1dejte si cenovou nab\u00eddku | Leasingov\u00fd t\u00fdm","isPartOf":{"@id":"https:\/\/leasingteam.pl\/cs#website"},"datePublished":"2025-03-10T11:42:51+00:00","dateModified":"2025-09-04T12:36:10+00:00","description":"Vypl\u0148te formul\u00e1\u0159 a pod\u00edvejte se, co m\u016f\u017ee person\u00e1ln\u011b poradensk\u00e1 agentura LeasingTeam ud\u011blat pro va\u0161i spole\u010dnost. Efektivn\u011b zvy\u0161ujeme efektivitu podnik\u016f.","breadcrumb":{"@id":"https:\/\/leasingteam.pl\/cs\/dotaz#breadcrumb"},"inLanguage":"cs-CZ","potentialAction":[{"@type":"ReadAction","target":["https:\/\/leasingteam.pl\/cs\/dotaz"]}]},{"@type":"BreadcrumbList","@id":"https:\/\/leasingteam.pl\/cs\/dotaz#breadcrumb","itemListElement":[{"@type":"ListItem","position":1,"name":"Home","item":"https:\/\/leasingteam.pl\/cs"},{"@type":"ListItem","position":2,"name":"Dotaz"}]},{"@type":"WebSite","@id":"https:\/\/leasingteam.pl\/cs#website","url":"https:\/\/leasingteam.pl\/cs","name":"LeasingTeam","description":"","publisher":{"@id":"https:\/\/leasingteam.pl\/cs#organization"},"potentialAction":[{"@type":"SearchAction","target":{"@type":"EntryPoint","urlTemplate":"https:\/\/leasingteam.pl\/cs?s={search_term_string}"},"query-input":{"@type":"PropertyValueSpecification","valueRequired":true,"valueName":"search_term_string"}}],"inLanguage":"cs-CZ"},{"@type":"Organization","@id":"https:\/\/leasingteam.pl\/cs#organization","name":"LeasingTeam","url":"https:\/\/leasingteam.pl\/cs","logo":{"@type":"ImageObject","inLanguage":"cs-CZ","@id":"https:\/\/leasingteam.pl\/cs#\/schema\/logo\/image\/","url":"https:\/\/leasingteam.pl\/content\/uploads\/2025\/02\/Logotyp-LT-1.svg","contentUrl":"https:\/\/leasingteam.pl\/content\/uploads\/2025\/02\/Logotyp-LT-1.svg","width":1,"height":1,"caption":"LeasingTeam"},"image":{"@id":"https:\/\/leasingteam.pl\/cs#\/schema\/logo\/image\/"}}]}},"_links":{"self":[{"href":"https:\/\/leasingteam.pl\/cs\/wp-json\/wp\/v2\/pages\/20143","targetHints":{"allow":["GET"]}}],"collection":[{"href":"https:\/\/leasingteam.pl\/cs\/wp-json\/wp\/v2\/pages"}],"about":[{"href":"https:\/\/leasingteam.pl\/cs\/wp-json\/wp\/v2\/types\/page"}],"author":[{"embeddable":true,"href":"https:\/\/leasingteam.pl\/cs\/wp-json\/wp\/v2\/users\/1"}],"replies":[{"embeddable":true,"href":"https:\/\/leasingteam.pl\/cs\/wp-json\/wp\/v2\/comments?post=20143"}],"version-history":[{"count":1,"href":"https:\/\/leasingteam.pl\/cs\/wp-json\/wp\/v2\/pages\/20143\/revisions"}],"predecessor-version":[{"id":20144,"href":"https:\/\/leasingteam.pl\/cs\/wp-json\/wp\/v2\/pages\/20143\/revisions\/20144"}],"wp:attachment":[{"href":"https:\/\/leasingteam.pl\/cs\/wp-json\/wp\/v2\/media?parent=20143"}],"curies":[{"name":"wp","href":"https:\/\/api.w.org\/{rel}","templated":true}]}}